{"id":1013,"date":"2025-11-13T14:10:51","date_gmt":"2025-11-13T11:10:51","guid":{"rendered":"https:\/\/docs.medyanet.net\/publisher-list\/"},"modified":"2026-01-20T12:59:16","modified_gmt":"2026-01-20T09:59:16","slug":"publisher-list","status":"publish","type":"page","link":"https:\/\/docs.medyanet.net\/en\/publisher-list\/","title":{"rendered":"Publisher List"},"content":{"rendered":"\t\t<div data-elementor-type=\"wp-page\" data-elementor-id=\"1013\" class=\"elementor elementor-1013 elementor-235\">\n\t\t\t\t<div class=\"elementor-element elementor-element-771dbd8 e-flex e-con-boxed e-con e-parent\" data-id=\"771dbd8\" data-element_type=\"container\" data-e-type=\"container\" data-settings=\"{&quot;background_background&quot;:&quot;classic&quot;}\">\n\t\t\t\t\t<div class=\"e-con-inner\">\n\t\t\t\t<div class=\"elementor-element elementor-element-81655e8 elementor-widget elementor-widget-heading\" data-id=\"81655e8\" data-element_type=\"widget\" data-e-type=\"widget\" data-widget_type=\"heading.default\">\n\t\t\t\t\t<h1 class=\"elementor-heading-title elementor-size-default\">Publisher List<\/h1>\t\t\t\t<\/div>\n\t\t\t\t<div class=\"elementor-element elementor-element-d492066 elementor-widget elementor-widget-heading\" data-id=\"d492066\" data-element_type=\"widget\" data-e-type=\"widget\" data-widget_type=\"heading.default\">\n\t\t\t\t\t<h2 class=\"elementor-heading-title elementor-size-default\">T\u00fcrkiye\u2019s most experienced digital advertising platform, MedyaNet!<\/h2>\t\t\t\t<\/div>\n\t\t\t\t\t<\/div>\n\t\t\t\t<\/div>\n\t\t<div class=\"elementor-element elementor-element-bb35a32 e-flex e-con-boxed e-con e-parent\" data-id=\"bb35a32\" data-element_type=\"container\" data-e-type=\"container\">\n\t\t\t\t\t<div class=\"e-con-inner\">\n\t\t\t\t<div class=\"elementor-element elementor-element-9247b06 elementor-widget elementor-widget-heading\" data-id=\"9247b06\" data-element_type=\"widget\" data-e-type=\"widget\" data-widget_type=\"heading.default\">\n\t\t\t\t\t<h2 class=\"elementor-heading-title elementor-size-default\">Publisher List<\/h2>\t\t\t\t<\/div>\n\t\t\t\t<div class=\"elementor-element elementor-element-8cecd29 elementor-widget elementor-widget-eael-advanced-data-table\" data-id=\"8cecd29\" data-element_type=\"widget\" data-e-type=\"widget\" data-widget_type=\"eael-advanced-data-table.default\">\n\t\t\t\t\t<div class=\"ea-advanced-data-table-wrap\" data-id=\"8cecd29\"><div class=\"ea-advanced-data-table-wrap-inner\">\n                <table class=\"ea-advanced-data-table ea-advanced-data-table-static ea-advanced-data-table-8cecd29\" data-id=\"8cecd29\"><thead><tr><th><p>Publisher<\/p><\/th><th><p>Desktop<\/p><\/th><th><p>Mobile Site<\/p><\/th><th><p>App<\/p><\/th><th><p>Video<\/p><\/th><\/tr><\/thead><tbody><tr><td><p>Bigpara<\/p><\/td><td><p>X<\/p><\/td><td><p>X<\/p><\/td><td><p>X<\/p><\/td><td><p>X<\/p><\/td><\/tr><tr><td><p>CNNT\u00fcrk<\/p><\/td><td><p>X<\/p><\/td><td><p>X<\/p><\/td><td><p>X<\/p><\/td><td><p>X<\/p><\/td><\/tr><tr><td><p>DHA<\/p><\/td><td><p>X<\/p><\/td><td><p>X<\/p><\/td><td><\/td><td><p>X<\/p><\/td><\/tr><tr><td><p>Fanatik<\/p><\/td><td><p>X<\/p><\/td><td><p>X<\/p><\/td><td><p>X<\/p><\/td><td><p>X<\/p><\/td><\/tr><tr><td><p>H\u00fcrriyet<\/p><\/td><td><p>X<\/p><\/td><td><p>X<\/p><\/td><td><p>X<\/p><\/td><td><p>X<\/p><\/td><\/tr><tr><td><p>H\u00fcrriyet Aile<\/p><\/td><td><p>X<\/p><\/td><td><\/td><td><\/td><td><p>X<\/p><\/td><\/tr><tr><td><p>H\u00fcrriyetDailyNews<\/p><\/td><td><p>X<\/p><\/td><td><p>X<\/p><\/td><td><\/td><td><\/td><\/tr><tr><td><p>KanalD<\/p><\/td><td><p>X<\/p><\/td><td><p>X<\/p><\/td><td><p>X<\/p><\/td><td><p>X<\/p><\/td><\/tr><tr><td><p>Mahmure<\/p><\/td><td><p>X<\/p><\/td><td><p>X<\/p><\/td><td><\/td><td><p>X<\/p><\/td><\/tr><tr><td><p>Milliyet<\/p><\/td><td><p>X<\/p><\/td><td><p>X<\/p><\/td><td><p>X<\/p><\/td><td><p>X<\/p><\/td><\/tr><tr><td><p>Posta<\/p><\/td><td><p>X<\/p><\/td><td><p>X<\/p><\/td><td><p>X<\/p><\/td><td><p>X<\/p><\/td><\/tr><tr><td><p>Teve2<\/p><\/td><td><p>X<\/p><\/td><td><p>X<\/p><\/td><td><p>X<\/p><\/td><td><p>X<\/p><\/td><\/tr><tr><td><p>Vatan<\/p><\/td><td><p>X<\/p><\/td><td><p>X<\/p><\/td><td><p>X<\/p><\/td><td><p>X<\/p><\/td><\/tr><\/tbody><\/table>\n            <\/div><\/div>\t\t\t\t<\/div>\n\t\t\t\t\t<\/div>\n\t\t\t\t<\/div>\n\t\t\t\t<\/div>\n\t\t","protected":false},"excerpt":{"rendered":"<p>Publisher List T\u00fcrkiye\u2019s most experienced digital advertising platform, MedyaNet! Publisher List Publisher Desktop Mobile Site App Video Bigpara X X X X CNNT\u00fcrk X X X X DHA X X X Fanatik X X X X H\u00fcrriyet X X X X H\u00fcrriyet Aile X X H\u00fcrriyetDailyNews X X KanalD X X X X Mahmure X [&hellip;]<\/p>\n","protected":false},"author":1,"featured_media":0,"parent":0,"menu_order":0,"comment_status":"closed","ping_status":"closed","template":"","meta":{"footnotes":""},"class_list":["post-1013","page","type-page","status-publish","hentry"],"_links":{"self":[{"href":"https:\/\/docs.medyanet.net\/en\/wp-json\/wp\/v2\/pages\/1013","targetHints":{"allow":["GET"]}}],"collection":[{"href":"https:\/\/docs.medyanet.net\/en\/wp-json\/wp\/v2\/pages"}],"about":[{"href":"https:\/\/docs.medyanet.net\/en\/wp-json\/wp\/v2\/types\/page"}],"author":[{"embeddable":true,"href":"https:\/\/docs.medyanet.net\/en\/wp-json\/wp\/v2\/users\/1"}],"replies":[{"embeddable":true,"href":"https:\/\/docs.medyanet.net\/en\/wp-json\/wp\/v2\/comments?post=1013"}],"version-history":[{"count":1,"href":"https:\/\/docs.medyanet.net\/en\/wp-json\/wp\/v2\/pages\/1013\/revisions"}],"predecessor-version":[{"id":1014,"href":"https:\/\/docs.medyanet.net\/en\/wp-json\/wp\/v2\/pages\/1013\/revisions\/1014"}],"wp:attachment":[{"href":"https:\/\/docs.medyanet.net\/en\/wp-json\/wp\/v2\/media?parent=1013"}],"curies":[{"name":"wp","href":"https:\/\/api.w.org\/{rel}","templated":true}]}}