{"id":1023,"date":"2025-11-14T13:42:55","date_gmt":"2025-11-14T10:42:55","guid":{"rendered":"https:\/\/docs.medyanet.net\/masthead\/"},"modified":"2026-02-02T13:10:28","modified_gmt":"2026-02-02T10:10:28","slug":"masthead","status":"publish","type":"page","link":"https:\/\/docs.medyanet.net\/en\/masthead\/","title":{"rendered":"Masthead"},"content":{"rendered":"\t\t<div data-elementor-type=\"wp-page\" data-elementor-id=\"1023\" class=\"elementor elementor-1023 elementor-311\">\n\t\t\t\t<div class=\"elementor-element elementor-element-4ba03581 e-flex e-con-boxed e-con e-parent\" data-id=\"4ba03581\" data-element_type=\"container\" data-e-type=\"container\" data-settings=\"{&quot;background_background&quot;:&quot;classic&quot;}\">\n\t\t\t\t\t<div class=\"e-con-inner\">\n\t\t\t\t<div class=\"elementor-element elementor-element-4741542 elementor-widget elementor-widget-heading\" data-id=\"4741542\" data-element_type=\"widget\" data-e-type=\"widget\" data-widget_type=\"heading.default\">\n\t\t\t\t\t<h1 class=\"elementor-heading-title elementor-size-default\">Masthead<\/h1>\t\t\t\t<\/div>\n\t\t\t\t<div class=\"elementor-element elementor-element-66b0c01 elementor-widget elementor-widget-heading\" data-id=\"66b0c01\" data-element_type=\"widget\" data-e-type=\"widget\" data-widget_type=\"heading.default\">\n\t\t\t\t\t<h2 class=\"elementor-heading-title elementor-size-default\">Here you can find all the information you need when developing your Masthead creative.\n<\/h2>\t\t\t\t<\/div>\n\t\t\t\t\t<\/div>\n\t\t\t\t<\/div>\n\t\t<div class=\"elementor-element elementor-element-e0f6b9d e-flex e-con-boxed e-con e-parent\" data-id=\"e0f6b9d\" data-element_type=\"container\" data-e-type=\"container\">\n\t\t\t\t\t<div class=\"e-con-inner\">\n\t\t\t\t<div class=\"elementor-element elementor-element-800b95a elementor-widget elementor-widget-text-editor\" data-id=\"800b95a\" data-element_type=\"widget\" data-e-type=\"widget\" data-widget_type=\"text-editor.default\">\n\t\t\t\t\t\t\t\t\t<h4 style=\"font-size: 20px; color: #ff0000;\">IMPORTANT!<\/h4><div class=\"note js-note red\">All tracking tags you share (impression, click, or any 1&#215;1 pixel code) must be HTTPS-compliant. The advertiser is responsible for any discrepancies in tracking caused by non-compliant tags. <\/div>\t\t\t\t\t\t\t\t<\/div>\n\t\t\t\t\t<\/div>\n\t\t\t\t<\/div>\n\t\t<div class=\"elementor-element elementor-element-801d0f9 e-flex e-con-boxed e-con e-parent\" data-id=\"801d0f9\" data-element_type=\"container\" data-e-type=\"container\">\n\t\t\t\t\t<div class=\"e-con-inner\">\n\t\t\t\t<div class=\"elementor-element elementor-element-39a52ff elementor-widget elementor-widget-heading\" data-id=\"39a52ff\" data-element_type=\"widget\" data-e-type=\"widget\" data-widget_type=\"heading.default\">\n\t\t\t\t\t<h2 class=\"elementor-heading-title elementor-size-default\">Template<\/h2>\t\t\t\t<\/div>\n\t\t\t\t<div class=\"elementor-element elementor-element-bd8e40f elementor-widget elementor-widget-image\" data-id=\"bd8e40f\" data-element_type=\"widget\" data-e-type=\"widget\" data-widget_type=\"image.default\">\n\t\t\t\t\t\t\t\t\t\t\t\t\t\t\t<img fetchpriority=\"high\" decoding=\"async\" width=\"1610\" height=\"930\" src=\"https:\/\/docs.medyanet.net\/wp-content\/uploads\/2025\/11\/masthead.jpg\" class=\"attachment-full size-full wp-image-1022\" alt=\"\" srcset=\"https:\/\/docs.medyanet.net\/wp-content\/uploads\/2025\/11\/masthead.jpg 1610w, https:\/\/docs.medyanet.net\/wp-content\/uploads\/2025\/11\/masthead-300x173.jpg 300w, https:\/\/docs.medyanet.net\/wp-content\/uploads\/2025\/11\/masthead-1024x592.jpg 1024w, https:\/\/docs.medyanet.net\/wp-content\/uploads\/2025\/11\/masthead-768x444.jpg 768w, https:\/\/docs.medyanet.net\/wp-content\/uploads\/2025\/11\/masthead-1536x887.jpg 1536w\" sizes=\"(max-width: 1610px) 100vw, 1610px\" \/>\t\t\t\t\t\t\t\t\t\t\t\t\t\t\t<\/div>\n\t\t\t\t<div class=\"elementor-element elementor-element-ba4aff9 elementor-widget elementor-widget-heading\" data-id=\"ba4aff9\" data-element_type=\"widget\" data-e-type=\"widget\" data-widget_type=\"heading.default\">\n\t\t\t\t\t<h2 class=\"elementor-heading-title elementor-size-default\">ClickTAG<\/h2>\t\t\t\t<\/div>\n\t\t\t\t<div class=\"elementor-element elementor-element-23ca508 elementor-widget elementor-widget-text-editor\" data-id=\"23ca508\" data-element_type=\"widget\" data-e-type=\"widget\" data-widget_type=\"text-editor.default\">\n\t\t\t\t\t\t\t\t\t<p>For the click on the creative to be counted by the ad server, the Google Ad Manager clickTAG parameter must be implemented correctly. The simplest way to use this while preparing your creative is shown below. <\/p><p>Below you can find an example of a clickTAG implementation within an HTML document<\/p>\t\t\t\t\t\t\t\t<\/div>\n\t\t\t\t<div class=\"elementor-element elementor-element-63a08b6 elementor-widget elementor-widget-eael-code-snippet\" data-id=\"63a08b6\" data-element_type=\"widget\" data-e-type=\"widget\" data-widget_type=\"eael-code-snippet.default\">\n\t\t\t\t<div class=\"elementor-widget-container\">\n\t\t\t\t\t      <div class=\"eael-code-snippet-wrapper theme-light view-mode-default\" data-language=\"html\" data-copy-button=\"1\" data-snippet-id=\"eael-code-snippet-63a08b6\" id=\"eael-code-snippet-63a08b6\" >\n               <div class=\"eael-code-snippet-header eael-file-preview-header\">\n            <div class=\"eael-file-preview-left\">\n                           <div class=\"eael-traffic-lights\">\n                  <span class=\"traffic-light traffic-light-red\"><\/span>\n                  <span class=\"traffic-light traffic-light-yellow\"><\/span>\n                  <span class=\"traffic-light traffic-light-green\"><\/span>\n               <\/div>\n                           <div class=\"eael-file-info\">\n                                 <\/div>\n            <\/div>\n\n                        <div class=\"eael-file-preview-right\">\n               <div class=\"eael-code-snippet-copy-container\">\n                  <button data-clipboard-target=\"#eael-code-snippet-63a08b6 .eael-code-snippet-code code\" class=\"eael-code-snippet-copy-button\" type=\"button\" aria-label=\"Copy code to clipboard Copy code to clipboard\">\n                        <svg width=\"16\" height=\"16\" viewBox=\"0 0 24 24\" fill=\"none\" xmlns=\"http:\/\/www.w3.org\/2000\/svg\">\n                           <path d=\"M16 1H4C2.9 1 2 1.9 2 3V17H4V3H16V1ZM19 5H8C6.9 5 6 5.9 6 7V21C6 22.1 6.9 23 8 23H19C20.1 23 21 22.1 21 21V7C21 5.9 20.1 5 19 5ZM19 21H8V7H19V21Z\" fill=\"currentColor\"\/>\n                        <\/svg>\n                  <\/button>\n                                 <\/div>\n            <\/div>\n                     <\/div>\n      \n         <div class=\"eael-code-snippet-content\">\n                        <pre class=\"eael-code-snippet-code language-html\"><code>&lt;head&gt;\n&lt;meta name=&quot;ad.size&quot; content=&quot;width=970,height=250&quot;&gt;\n&lt;script type=&quot;text\/javascript&quot;&gt; \nvar clickTag = &quot;http:\/\/www.google.com&quot;; \n&lt;\/script&gt;\n&lt;\/head&gt; [Reklam \u00f6\u011fesi kodunuzun geri kalan\u0131 buraya eklenir.]<\/code><\/pre>\n                     <\/div>\n      <\/div>\n      \t\t\t\t<\/div>\n\t\t\t\t<\/div>\n\t\t\t\t<div class=\"elementor-element elementor-element-665dd85 elementor-widget elementor-widget-text-editor\" data-id=\"665dd85\" data-element_type=\"widget\" data-e-type=\"widget\" data-widget_type=\"text-editor.default\">\n\t\t\t\t\t\t\t\t\t<p>In the ad example, the clickTAG variable should be used as the click-through URL:<\/p>\t\t\t\t\t\t\t\t<\/div>\n\t\t\t\t<div class=\"elementor-element elementor-element-155df82 elementor-widget elementor-widget-eael-code-snippet\" data-id=\"155df82\" data-element_type=\"widget\" data-e-type=\"widget\" data-widget_type=\"eael-code-snippet.default\">\n\t\t\t\t<div class=\"elementor-widget-container\">\n\t\t\t\t\t      <div class=\"eael-code-snippet-wrapper theme-light view-mode-default\" data-language=\"html\" data-copy-button=\"1\" data-snippet-id=\"eael-code-snippet-155df82\" id=\"eael-code-snippet-155df82\" >\n               <div class=\"eael-code-snippet-header eael-file-preview-header\">\n            <div class=\"eael-file-preview-left\">\n                           <div class=\"eael-traffic-lights\">\n                  <span class=\"traffic-light traffic-light-red\"><\/span>\n                  <span class=\"traffic-light traffic-light-yellow\"><\/span>\n                  <span class=\"traffic-light traffic-light-green\"><\/span>\n               <\/div>\n                           <div class=\"eael-file-info\">\n                                 <\/div>\n            <\/div>\n\n                        <div class=\"eael-file-preview-right\">\n               <div class=\"eael-code-snippet-copy-container\">\n                  <button data-clipboard-target=\"#eael-code-snippet-155df82 .eael-code-snippet-code code\" class=\"eael-code-snippet-copy-button\" type=\"button\" aria-label=\"Copy code to clipboard Copy code to clipboard\">\n                        <svg width=\"16\" height=\"16\" viewBox=\"0 0 24 24\" fill=\"none\" xmlns=\"http:\/\/www.w3.org\/2000\/svg\">\n                           <path d=\"M16 1H4C2.9 1 2 1.9 2 3V17H4V3H16V1ZM19 5H8C6.9 5 6 5.9 6 7V21C6 22.1 6.9 23 8 23H19C20.1 23 21 22.1 21 21V7C21 5.9 20.1 5 19 5ZM19 21H8V7H19V21Z\" fill=\"currentColor\"\/>\n                        <\/svg>\n                  <\/button>\n                                 <\/div>\n            <\/div>\n                     <\/div>\n      \n         <div class=\"eael-code-snippet-content\">\n                        <pre class=\"eael-code-snippet-code language-html\"><code>&lt;body&gt;\n&lt;a href=&quot;javascript:window.open(window.clickTag)&quot;&gt;\n&lt;img src=&quot;images\/dclk.png&quot; border=0&gt; &lt;\/a&gt;\n&lt;\/body&gt;<\/code><\/pre>\n                     <\/div>\n      <\/div>\n      \t\t\t\t<\/div>\n\t\t\t\t<\/div>\n\t\t\t\t<div class=\"elementor-element elementor-element-2b01b70 elementor-widget elementor-widget-text-editor\" data-id=\"2b01b70\" data-element_type=\"widget\" data-e-type=\"widget\" data-widget_type=\"text-editor.default\">\n\t\t\t\t\t\t\t\t\t<p><a href=\"https:\/\/support.google.com\/admanager\/answer\/7046799?hl=tr\">Click here for detailed technical information.<\/a><\/p>\t\t\t\t\t\t\t\t<\/div>\n\t\t\t\t<div class=\"elementor-element elementor-element-77abe88 elementor-widget-divider--view-line_icon elementor-view-default elementor-widget-divider--element-align-center elementor-widget elementor-widget-divider\" data-id=\"77abe88\" data-element_type=\"widget\" data-e-type=\"widget\" data-widget_type=\"divider.default\">\n\t\t\t\t\t\t\t<div class=\"elementor-divider\">\n\t\t\t<span class=\"elementor-divider-separator\">\n\t\t\t\t\t\t\t<div class=\"elementor-icon elementor-divider__element\">\n\t\t\t\t\t<svg aria-hidden=\"true\" class=\"e-font-icon-svg e-fas-star\" viewBox=\"0 0 576 512\" xmlns=\"http:\/\/www.w3.org\/2000\/svg\"><path d=\"M259.3 17.8L194 150.2 47.9 171.5c-26.2 3.8-36.7 36.1-17.7 54.6l105.7 103-25 145.5c-4.5 26.3 23.2 46 46.4 33.7L288 439.6l130.7 68.7c23.2 12.2 50.9-7.4 46.4-33.7l-25-145.5 105.7-103c19-18.5 8.5-50.8-17.7-54.6L382 150.2 316.7 17.8c-11.7-23.6-45.6-23.9-57.4 0z\"><\/path><\/svg><\/div>\n\t\t\t\t\t\t<\/span>\n\t\t<\/div>\n\t\t\t\t\t\t<\/div>\n\t\t\t\t<div class=\"elementor-element elementor-element-c6450c5 elementor-widget elementor-widget-heading\" data-id=\"c6450c5\" data-element_type=\"widget\" data-e-type=\"widget\" data-widget_type=\"heading.default\">\n\t\t\t\t\t<h2 class=\"elementor-heading-title elementor-size-default\">Creative Types<\/h2>\t\t\t\t<\/div>\n\t\t\t\t<div class=\"elementor-element elementor-element-6be329b elementor-widget elementor-widget-eael-advanced-data-table\" data-id=\"6be329b\" data-element_type=\"widget\" data-e-type=\"widget\" data-widget_type=\"eael-advanced-data-table.default\">\n\t\t\t\t\t<div class=\"ea-advanced-data-table-wrap\" data-id=\"6be329b\"><div class=\"ea-advanced-data-table-wrap-inner\">\n                <table class=\"ea-advanced-data-table ea-advanced-data-table-static ea-advanced-data-table-6be329b\" data-id=\"6be329b\"><thead><tr><th><p><strong>Type<\/strong><\/p><\/th><th><p><span>Description<\/span><\/p><\/th><th style=\"width: 223px\"><p>Limitations<\/p><\/th><\/tr><\/thead><tbody><tr><td><p><strong>Image<\/strong><\/p><\/td><td><p>JPG, JPEG, PNG, GIF formats can be used.<\/p><\/td><td><p>Maximum 150KB.<\/p><\/td><\/tr><tr><td><p><strong>HTML<\/strong><\/p><\/td><td><p>All JavaScript, CSS, and image files must be packaged in a single folder to work together.<\/p><\/td><td><p>Max 150KB excluding videos. With one video, total max 2MB. <\/p><\/td><\/tr><tr><td><p><strong>V\u0130DEO MASTHEAD MODEL<\/strong><\/p><\/td><td><p>970x250 px JPG, JPEG, PNG, or GIF image + 640x360 video or YouTube link. The image should leave space for the video placement. Since autoplay is not enabled, a poster image may be used. For the poster, a 640x360 JPG, JPEG, or PNG image is required. Poster usage is optional.    <\/p><\/td><td><p>The submitted image must not exceed 150KB. The submitted video must not exceed 2MB. <\/p><p><br><\/p><\/td><\/tr><\/tbody><\/table>\n            <\/div><\/div>\t\t\t\t<\/div>\n\t\t\t\t<div class=\"elementor-element elementor-element-627a108 elementor-widget elementor-widget-heading\" data-id=\"627a108\" data-element_type=\"widget\" data-e-type=\"widget\" data-widget_type=\"heading.default\">\n\t\t\t\t\t<h2 class=\"elementor-heading-title elementor-size-default\">Notes<\/h2>\t\t\t\t<\/div>\n\t\t\t\t<div class=\"elementor-element elementor-element-a17676c elementor-widget elementor-widget-text-editor\" data-id=\"a17676c\" data-element_type=\"widget\" data-e-type=\"widget\" data-widget_type=\"text-editor.default\">\n\t\t\t\t\t\t\t\t\t<p><span style=\"font-size: 20px; color: #ff0000;\">1. <\/span> In video models, the video must always start muted.<\/p>\t\t\t\t\t\t\t\t<\/div>\n\t\t\t\t<div class=\"elementor-element elementor-element-69d57c0 elementor-widget elementor-widget-text-editor\" data-id=\"69d57c0\" data-element_type=\"widget\" data-e-type=\"widget\" data-widget_type=\"text-editor.default\">\n\t\t\t\t\t\t\t\t\t<p><span style=\"font-size: 20px; color: #ff0000;\">2.<\/span> In video models, the final scene of the video must not end with a solid black screen.<\/p>\t\t\t\t\t\t\t\t<\/div>\n\t\t\t\t<div class=\"elementor-element elementor-element-0cf36c3 elementor-widget elementor-widget-text-editor\" data-id=\"0cf36c3\" data-element_type=\"widget\" data-e-type=\"widget\" data-widget_type=\"text-editor.default\">\n\t\t\t\t\t\t\t\t\t<span style=\"font-size: 20px; color: #ff0000;\">3.<\/span> If Masthead materials are shared as script code via Sizmek, the following parameters must be defined: the Addinskey path must be specified. A \u201cpush down\u201d close button feature must be included (when the ad is closed, the remaining background must remain transparent). For Sizmek PushDown Mastheads, the %%CLICK_URL_UNESC%% click parameter must be included. If a site name is selected for publishing a Sizmek PushDown Masthead, the required parameters and definitions above are automatically configured by Sizmek, and the code is generated accordingly.\t\t\t\t\t\t\t\t<\/div>\n\t\t\t\t\t<\/div>\n\t\t\t\t<\/div>\n\t\t\t\t<\/div>\n\t\t","protected":false},"excerpt":{"rendered":"<p>Masthead Here you can find all the information you need when developing your Masthead creative. IMPORTANT! All tracking tags you share (impression, click, or any 1&#215;1 pixel code) must be HTTPS-compliant. The advertiser is responsible for any discrepancies in tracking caused by non-compliant tags. Template ClickTAG For the click on the creative to be counted [&hellip;]<\/p>\n","protected":false},"author":1,"featured_media":0,"parent":0,"menu_order":0,"comment_status":"closed","ping_status":"closed","template":"","meta":{"footnotes":""},"class_list":["post-1023","page","type-page","status-publish","hentry"],"_links":{"self":[{"href":"https:\/\/docs.medyanet.net\/en\/wp-json\/wp\/v2\/pages\/1023","targetHints":{"allow":["GET"]}}],"collection":[{"href":"https:\/\/docs.medyanet.net\/en\/wp-json\/wp\/v2\/pages"}],"about":[{"href":"https:\/\/docs.medyanet.net\/en\/wp-json\/wp\/v2\/types\/page"}],"author":[{"embeddable":true,"href":"https:\/\/docs.medyanet.net\/en\/wp-json\/wp\/v2\/users\/1"}],"replies":[{"embeddable":true,"href":"https:\/\/docs.medyanet.net\/en\/wp-json\/wp\/v2\/comments?post=1023"}],"version-history":[{"count":9,"href":"https:\/\/docs.medyanet.net\/en\/wp-json\/wp\/v2\/pages\/1023\/revisions"}],"predecessor-version":[{"id":1032,"href":"https:\/\/docs.medyanet.net\/en\/wp-json\/wp\/v2\/pages\/1023\/revisions\/1032"}],"wp:attachment":[{"href":"https:\/\/docs.medyanet.net\/en\/wp-json\/wp\/v2\/media?parent=1023"}],"curies":[{"name":"wp","href":"https:\/\/api.w.org\/{rel}","templated":true}]}}