{"id":1067,"date":"2025-11-14T17:00:05","date_gmt":"2025-11-14T14:00:05","guid":{"rendered":"https:\/\/docs.medyanet.net\/standard-banner\/"},"modified":"2026-02-02T15:58:44","modified_gmt":"2026-02-02T12:58:44","slug":"standard-banner","status":"publish","type":"page","link":"https:\/\/docs.medyanet.net\/en\/standard-banner\/","title":{"rendered":"Standard Banner"},"content":{"rendered":"\t\t<div data-elementor-type=\"wp-page\" data-elementor-id=\"1067\" class=\"elementor elementor-1067 elementor-444\">\n\t\t\t\t<div class=\"elementor-element elementor-element-564a2756 e-flex e-con-boxed e-con e-parent\" data-id=\"564a2756\" data-element_type=\"container\" data-e-type=\"container\" data-settings=\"{&quot;background_background&quot;:&quot;classic&quot;}\">\n\t\t\t\t\t<div class=\"e-con-inner\">\n\t\t\t\t<div class=\"elementor-element elementor-element-5b5e24a7 elementor-widget elementor-widget-heading\" data-id=\"5b5e24a7\" data-element_type=\"widget\" data-e-type=\"widget\" data-widget_type=\"heading.default\">\n\t\t\t\t\t<h1 class=\"elementor-heading-title elementor-size-default\">Standard Banner\n<\/h1>\t\t\t\t<\/div>\n\t\t\t\t<div class=\"elementor-element elementor-element-4744000 elementor-widget elementor-widget-heading\" data-id=\"4744000\" data-element_type=\"widget\" data-e-type=\"widget\" data-widget_type=\"heading.default\">\n\t\t\t\t\t<h2 class=\"elementor-heading-title elementor-size-default\">Here you can find all the information you need when developing a standard creative.\n<\/h2>\t\t\t\t<\/div>\n\t\t\t\t\t<\/div>\n\t\t\t\t<\/div>\n\t\t<div class=\"elementor-element elementor-element-37e8e38f e-flex e-con-boxed e-con e-parent\" data-id=\"37e8e38f\" data-element_type=\"container\" data-e-type=\"container\">\n\t\t\t\t\t<div class=\"e-con-inner\">\n\t\t\t\t<div class=\"elementor-element elementor-element-4196ee07 elementor-widget elementor-widget-text-editor\" data-id=\"4196ee07\" data-element_type=\"widget\" data-e-type=\"widget\" data-widget_type=\"text-editor.default\">\n\t\t\t\t\t\t\t\t\t<h4 style=\"font-size: 20px; color: #ff0000;\">IMPORTANT!<\/h4><div class=\"note js-note red\">All tracking codes you share (impression, click, or any 1&#215;1 pixel code) must be HTTPS compatible. The advertiser is responsible for any discrepancies caused by non-compliant codes. <\/div>\t\t\t\t\t\t\t\t<\/div>\n\t\t\t\t\t<\/div>\n\t\t\t\t<\/div>\n\t\t<div class=\"elementor-element elementor-element-4090401 e-flex e-con-boxed e-con e-parent\" data-id=\"4090401\" data-element_type=\"container\" data-e-type=\"container\">\n\t\t\t\t\t<div class=\"e-con-inner\">\n\t\t\t\t<div class=\"elementor-element elementor-element-bed91d1 elementor-widget elementor-widget-heading\" data-id=\"bed91d1\" data-element_type=\"widget\" data-e-type=\"widget\" data-widget_type=\"heading.default\">\n\t\t\t\t\t<h2 class=\"elementor-heading-title elementor-size-default\">Model<\/h2>\t\t\t\t<\/div>\n\t\t\t\t<div class=\"elementor-element elementor-element-592fcd4 elementor-widget elementor-widget-image\" data-id=\"592fcd4\" data-element_type=\"widget\" data-e-type=\"widget\" data-widget_type=\"image.default\">\n\t\t\t\t\t\t\t\t\t\t\t\t\t\t\t<img fetchpriority=\"high\" decoding=\"async\" width=\"1610\" height=\"930\" src=\"https:\/\/docs.medyanet.net\/wp-content\/uploads\/2025\/11\/standard-banner.jpg\" class=\"attachment-full size-full wp-image-1066\" alt=\"\" srcset=\"https:\/\/docs.medyanet.net\/wp-content\/uploads\/2025\/11\/standard-banner.jpg 1610w, https:\/\/docs.medyanet.net\/wp-content\/uploads\/2025\/11\/standard-banner-300x173.jpg 300w, https:\/\/docs.medyanet.net\/wp-content\/uploads\/2025\/11\/standard-banner-1024x592.jpg 1024w, https:\/\/docs.medyanet.net\/wp-content\/uploads\/2025\/11\/standard-banner-768x444.jpg 768w, https:\/\/docs.medyanet.net\/wp-content\/uploads\/2025\/11\/standard-banner-1536x887.jpg 1536w\" sizes=\"(max-width: 1610px) 100vw, 1610px\" \/>\t\t\t\t\t\t\t\t\t\t\t\t\t\t\t<\/div>\n\t\t\t\t<div class=\"elementor-element elementor-element-f961beb elementor-widget elementor-widget-heading\" data-id=\"f961beb\" data-element_type=\"widget\" data-e-type=\"widget\" data-widget_type=\"heading.default\">\n\t\t\t\t\t<h2 class=\"elementor-heading-title elementor-size-default\">Creative Types<\/h2>\t\t\t\t<\/div>\n\t\t\t\t<div class=\"elementor-element elementor-element-1818bb0 elementor-widget elementor-widget-eael-advanced-data-table\" data-id=\"1818bb0\" data-element_type=\"widget\" data-e-type=\"widget\" data-widget_type=\"eael-advanced-data-table.default\">\n\t\t\t\t\t<div class=\"ea-advanced-data-table-wrap\" data-id=\"1818bb0\"><div class=\"ea-advanced-data-table-wrap-inner\">\n                <table class=\"ea-advanced-data-table ea-advanced-data-table-static ea-advanced-data-table-1818bb0\" data-id=\"1818bb0\"><thead><tr><th style=\"width: 98px\"><p>Type <\/p><\/th><th><p>Description<\/p><\/th><th style=\"width: 540px\"><p>Limitations<\/p><\/th><\/tr><\/thead><tbody><tr><td><p>Image<\/p><\/td><td><p>File Type<\/p><\/td><td><p>JPG, GIF, PNG<\/p><\/td><\/tr><tr><td><\/td><td><p>Recommended Sizes<\/p><\/td><td><p>120x600 &amp; 160x600 &amp; 300x250 &amp; 300x600 &amp; 728x90<\/p><\/td><\/tr><tr><td><\/td><td><p>File Size<\/p><\/td><td><p>Must not exceed 150 KB.<\/p><\/td><\/tr><tr><td><p><span>HTML<\/span><\/p><\/td><td><p>Recommended Sizes<\/p><\/td><td><p>120x600 &amp; 160x600 &amp; 300x250 &amp; 300x600 &amp; 728x90<\/p><\/td><\/tr><tr><td><\/td><td><p>File Size<\/p><\/td><td><p>Must not exceed 150 KB.<\/p><\/td><\/tr><tr><td><\/td><td><p><span>Notes<\/span><\/p><\/td><td><p>For Sizmek script\/iframe coded standard banners, the %%CLICK_URL_UNESC%% click parameter must be added,&nbsp; and the target site must be selected before delivering the codes with the site\u2019s pre-settings.<\/p><p><br><\/p><\/td><\/tr><\/tbody><\/table>\n            <\/div><\/div>\t\t\t\t<\/div>\n\t\t\t\t<div class=\"elementor-element elementor-element-a974d8a elementor-widget elementor-widget-heading\" data-id=\"a974d8a\" data-element_type=\"widget\" data-e-type=\"widget\" data-widget_type=\"heading.default\">\n\t\t\t\t\t<h2 class=\"elementor-heading-title elementor-size-default\">ClickTAG<\/h2>\t\t\t\t<\/div>\n\t\t\t\t<div class=\"elementor-element elementor-element-94326ac elementor-widget elementor-widget-text-editor\" data-id=\"94326ac\" data-element_type=\"widget\" data-e-type=\"widget\" data-widget_type=\"text-editor.default\">\n\t\t\t\t\t\t\t\t\t<p>For creatives to be trackable by the adserver, the Google AdManager clickTAG parameter must be implemented correctly. The easiest way is shown below. <\/p><p>Example of a click tag embedded in an HTML document:<\/p>\t\t\t\t\t\t\t\t<\/div>\n\t\t\t\t<div class=\"elementor-element elementor-element-67bbbc8 elementor-widget elementor-widget-eael-code-snippet\" data-id=\"67bbbc8\" data-element_type=\"widget\" data-e-type=\"widget\" data-widget_type=\"eael-code-snippet.default\">\n\t\t\t\t<div class=\"elementor-widget-container\">\n\t\t\t\t\t      <div class=\"eael-code-snippet-wrapper theme-light view-mode-default\" data-language=\"html\" data-copy-button=\"1\" data-snippet-id=\"eael-code-snippet-67bbbc8\" id=\"eael-code-snippet-67bbbc8\" >\n               <div class=\"eael-code-snippet-header eael-file-preview-header\">\n            <div class=\"eael-file-preview-left\">\n                           <div class=\"eael-traffic-lights\">\n                  <span class=\"traffic-light traffic-light-red\"><\/span>\n                  <span class=\"traffic-light traffic-light-yellow\"><\/span>\n                  <span class=\"traffic-light traffic-light-green\"><\/span>\n               <\/div>\n                           <div class=\"eael-file-info\">\n                                 <\/div>\n            <\/div>\n\n                        <div class=\"eael-file-preview-right\">\n               <div class=\"eael-code-snippet-copy-container\">\n                  <button data-clipboard-target=\"#eael-code-snippet-67bbbc8 .eael-code-snippet-code code\" class=\"eael-code-snippet-copy-button\" type=\"button\" aria-label=\"Copy code to clipboard Copy code to clipboard\">\n                        <svg width=\"16\" height=\"16\" viewBox=\"0 0 24 24\" fill=\"none\" xmlns=\"http:\/\/www.w3.org\/2000\/svg\">\n                           <path d=\"M16 1H4C2.9 1 2 1.9 2 3V17H4V3H16V1ZM19 5H8C6.9 5 6 5.9 6 7V21C6 22.1 6.9 23 8 23H19C20.1 23 21 22.1 21 21V7C21 5.9 20.1 5 19 5ZM19 21H8V7H19V21Z\" fill=\"currentColor\"\/>\n                        <\/svg>\n                  <\/button>\n                                 <\/div>\n            <\/div>\n                     <\/div>\n      \n         <div class=\"eael-code-snippet-content\">\n                        <pre class=\"eael-code-snippet-code language-html\"><code>&lt;head&gt;\n&lt;meta name=&quot;ad.size&quot; content=&quot;width=970,height=250&quot;&gt;\n&lt;script type=&quot;text\/javascript&quot;&gt; \nvar clickTag = &quot;http:\/\/www.google.com&quot;; \n&lt;\/script&gt;\n&lt;\/head&gt; [Reklam \u00f6\u011fesi kodunuzun geri kalan\u0131 buraya eklenir.]<\/code><\/pre>\n                     <\/div>\n      <\/div>\n      \t\t\t\t<\/div>\n\t\t\t\t<\/div>\n\t\t\t\t<div class=\"elementor-element elementor-element-85efe7a elementor-widget elementor-widget-text-editor\" data-id=\"85efe7a\" data-element_type=\"widget\" data-e-type=\"widget\" data-widget_type=\"text-editor.default\">\n\t\t\t\t\t\t\t\t\t<p>In the ad example, the clickTAG variable should be used as the click-through URL:<\/p>\t\t\t\t\t\t\t\t<\/div>\n\t\t\t\t<div class=\"elementor-element elementor-element-db36517 elementor-widget elementor-widget-eael-code-snippet\" data-id=\"db36517\" data-element_type=\"widget\" data-e-type=\"widget\" data-widget_type=\"eael-code-snippet.default\">\n\t\t\t\t<div class=\"elementor-widget-container\">\n\t\t\t\t\t      <div class=\"eael-code-snippet-wrapper theme-light view-mode-default\" data-language=\"html\" data-copy-button=\"1\" data-snippet-id=\"eael-code-snippet-db36517\" id=\"eael-code-snippet-db36517\" >\n               <div class=\"eael-code-snippet-header eael-file-preview-header\">\n            <div class=\"eael-file-preview-left\">\n                           <div class=\"eael-traffic-lights\">\n                  <span class=\"traffic-light traffic-light-red\"><\/span>\n                  <span class=\"traffic-light traffic-light-yellow\"><\/span>\n                  <span class=\"traffic-light traffic-light-green\"><\/span>\n               <\/div>\n                           <div class=\"eael-file-info\">\n                                 <\/div>\n            <\/div>\n\n                        <div class=\"eael-file-preview-right\">\n               <div class=\"eael-code-snippet-copy-container\">\n                  <button data-clipboard-target=\"#eael-code-snippet-db36517 .eael-code-snippet-code code\" class=\"eael-code-snippet-copy-button\" type=\"button\" aria-label=\"Copy code to clipboard Copy code to clipboard\">\n                        <svg width=\"16\" height=\"16\" viewBox=\"0 0 24 24\" fill=\"none\" xmlns=\"http:\/\/www.w3.org\/2000\/svg\">\n                           <path d=\"M16 1H4C2.9 1 2 1.9 2 3V17H4V3H16V1ZM19 5H8C6.9 5 6 5.9 6 7V21C6 22.1 6.9 23 8 23H19C20.1 23 21 22.1 21 21V7C21 5.9 20.1 5 19 5ZM19 21H8V7H19V21Z\" fill=\"currentColor\"\/>\n                        <\/svg>\n                  <\/button>\n                                 <\/div>\n            <\/div>\n                     <\/div>\n      \n         <div class=\"eael-code-snippet-content\">\n                        <pre class=\"eael-code-snippet-code language-html\"><code>&lt;body&gt;\n&lt;a href=&quot;javascript:window.open(window.clickTag)&quot;&gt;\n&lt;img src=&quot;images\/dclk.png&quot; border=0&gt; &lt;\/a&gt;\n&lt;\/body&gt;<\/code><\/pre>\n                     <\/div>\n      <\/div>\n      \t\t\t\t<\/div>\n\t\t\t\t<\/div>\n\t\t\t\t<div class=\"elementor-element elementor-element-e0893a4 elementor-widget elementor-widget-text-editor\" data-id=\"e0893a4\" data-element_type=\"widget\" data-e-type=\"widget\" data-widget_type=\"text-editor.default\">\n\t\t\t\t\t\t\t\t\t<p><a href=\"https:\/\/support.google.com\/admanager\/answer\/7046799?hl=tr\" target=\"_blank\" rel=\"noopener\">Click here for detailed technical information.<\/a><\/p>\t\t\t\t\t\t\t\t<\/div>\n\t\t\t\t<div class=\"elementor-element elementor-element-bd7ad0d elementor-widget elementor-widget-heading\" data-id=\"bd7ad0d\" data-element_type=\"widget\" data-e-type=\"widget\" data-widget_type=\"heading.default\">\n\t\t\t\t\t<h2 class=\"elementor-heading-title elementor-size-default\">Notes<\/h2>\t\t\t\t<\/div>\n\t\t\t\t<div class=\"elementor-element elementor-element-597abd6 elementor-widget elementor-widget-text-editor\" data-id=\"597abd6\" data-element_type=\"widget\" data-e-type=\"widget\" data-widget_type=\"text-editor.default\">\n\t\t\t\t\t\t\t\t\t<p><span style=\"font-size: 20px; color: #ff0000;\">1. <\/span>If the banner to be used is static, each creative must be provided separately in<br>sizes 120&#215;600 \/\/ 160&#215;600 \/\/ 300&#215;250 \/\/ 300&#215;600 \/\/ 728&#215;90 px, with a<br>maximum of 150KB in jpg\/png format.<\/p>\t\t\t\t\t\t\t\t<\/div>\n\t\t\t\t<div class=\"elementor-element elementor-element-03dde17 elementor-widget elementor-widget-text-editor\" data-id=\"03dde17\" data-element_type=\"widget\" data-e-type=\"widget\" data-widget_type=\"text-editor.default\">\n\t\t\t\t\t\t\t\t\t<p><span style=\"font-size: 20px; color: #ff0000;\">2.<\/span> <span style=\"font-family: -apple-system, BlinkMacSystemFont, 'Segoe UI', Roboto, 'Helvetica Neue', Arial, 'Noto Sans', sans-serif, 'Apple Color Emoji', 'Segoe UI Emoji', 'Segoe UI Symbol', 'Noto Color Emoji';\">For static web and AppStandard banners, the recommended sizes are 320&#215;50 and 300&#215;250 px in jpeg, png, or gif format with a maximum of 70KB<\/span><\/p>\t\t\t\t\t\t\t\t<\/div>\n\t\t\t\t\t<\/div>\n\t\t\t\t<\/div>\n\t\t\t\t<\/div>\n\t\t","protected":false},"excerpt":{"rendered":"<p>Standard Banner Here you can find all the information you need when developing a standard creative. IMPORTANT! All tracking codes you share (impression, click, or any 1&#215;1 pixel code) must be HTTPS compatible. The advertiser is responsible for any discrepancies caused by non-compliant codes. Model Creative Types Type Description Limitations Image File Type JPG, GIF, [&hellip;]<\/p>\n","protected":false},"author":1,"featured_media":0,"parent":0,"menu_order":0,"comment_status":"closed","ping_status":"closed","template":"","meta":{"footnotes":""},"class_list":["post-1067","page","type-page","status-publish","hentry"],"_links":{"self":[{"href":"https:\/\/docs.medyanet.net\/en\/wp-json\/wp\/v2\/pages\/1067","targetHints":{"allow":["GET"]}}],"collection":[{"href":"https:\/\/docs.medyanet.net\/en\/wp-json\/wp\/v2\/pages"}],"about":[{"href":"https:\/\/docs.medyanet.net\/en\/wp-json\/wp\/v2\/types\/page"}],"author":[{"embeddable":true,"href":"https:\/\/docs.medyanet.net\/en\/wp-json\/wp\/v2\/users\/1"}],"replies":[{"embeddable":true,"href":"https:\/\/docs.medyanet.net\/en\/wp-json\/wp\/v2\/comments?post=1067"}],"version-history":[{"count":1,"href":"https:\/\/docs.medyanet.net\/en\/wp-json\/wp\/v2\/pages\/1067\/revisions"}],"predecessor-version":[{"id":1068,"href":"https:\/\/docs.medyanet.net\/en\/wp-json\/wp\/v2\/pages\/1067\/revisions\/1068"}],"wp:attachment":[{"href":"https:\/\/docs.medyanet.net\/en\/wp-json\/wp\/v2\/media?parent=1067"}],"curies":[{"name":"wp","href":"https:\/\/api.w.org\/{rel}","templated":true}]}}