{"id":1161,"date":"2025-11-25T14:48:21","date_gmt":"2025-11-25T11:48:21","guid":{"rendered":"https:\/\/docs.medyanet.net\/contact\/"},"modified":"2026-02-17T13:46:22","modified_gmt":"2026-02-17T10:46:22","slug":"contact","status":"publish","type":"page","link":"https:\/\/docs.medyanet.net\/en\/contact\/","title":{"rendered":"Contact"},"content":{"rendered":"\t\t<div data-elementor-type=\"wp-page\" data-elementor-id=\"1161\" class=\"elementor elementor-1161 elementor-989\">\n\t\t\t\t<div class=\"elementor-element elementor-element-ba77f4b e-flex e-con-boxed e-con e-parent\" data-id=\"ba77f4b\" data-element_type=\"container\" data-e-type=\"container\">\n\t\t\t\t\t<div class=\"e-con-inner\">\n\t\t\t\t<div class=\"elementor-element elementor-element-37079dc elementor-widget__width-initial elementor-widget elementor-widget-shortcode\" data-id=\"37079dc\" data-element_type=\"widget\" data-e-type=\"widget\" data-widget_type=\"shortcode.default\">\n\t\t\t\t\t\t\t<div class=\"elementor-shortcode\">\n<div class=\"wpcf7 no-js\" id=\"wpcf7-f1287-o1\" lang=\"en-US\" dir=\"ltr\" data-wpcf7-id=\"1287\">\n<div class=\"screen-reader-response\"><p role=\"status\" aria-live=\"polite\" aria-atomic=\"true\"><\/p> <ul><\/ul><\/div>\n<form action=\"\/en\/wp-json\/wp\/v2\/pages\/1161#wpcf7-f1287-o1\" method=\"post\" class=\"wpcf7-form init\" aria-label=\"Contact form\" novalidate=\"novalidate\" data-status=\"init\">\n<fieldset class=\"hidden-fields-container\"><input type=\"hidden\" name=\"_wpcf7\" value=\"1287\" \/><input type=\"hidden\" name=\"_wpcf7_version\" value=\"6.1.5\" \/><input type=\"hidden\" name=\"_wpcf7_locale\" value=\"en_US\" \/><input type=\"hidden\" name=\"_wpcf7_unit_tag\" value=\"wpcf7-f1287-o1\" \/><input type=\"hidden\" name=\"_wpcf7_container_post\" value=\"0\" \/><input type=\"hidden\" name=\"_wpcf7_posted_data_hash\" value=\"\" \/><input type=\"hidden\" name=\"_wpcf7_recaptcha_response\" value=\"\" \/>\n<\/fieldset>\n<p><label> Name Surname<br \/>\n<span class=\"wpcf7-form-control-wrap\" data-name=\"your-name\"><input size=\"40\" maxlength=\"400\" class=\"wpcf7-form-control wpcf7-text wpcf7-validates-as-required\" autocomplete=\"name\" aria-required=\"true\" aria-invalid=\"false\" value=\"\" type=\"text\" name=\"your-name\" \/><\/span> <\/label>\n<\/p>\n<p><label> E-mail<br \/>\n<span class=\"wpcf7-form-control-wrap\" data-name=\"your-email\"><input size=\"40\" maxlength=\"400\" class=\"wpcf7-form-control wpcf7-email wpcf7-validates-as-required wpcf7-text wpcf7-validates-as-email\" autocomplete=\"email\" aria-required=\"true\" aria-invalid=\"false\" value=\"\" type=\"email\" name=\"your-email\" \/><\/span> <\/label>\n<\/p>\n<p><label> Subject<br \/>\n<span class=\"wpcf7-form-control-wrap\" data-name=\"your-subject\"><input size=\"40\" maxlength=\"400\" class=\"wpcf7-form-control wpcf7-text wpcf7-validates-as-required\" aria-required=\"true\" aria-invalid=\"false\" value=\"\" type=\"text\" name=\"your-subject\" \/><\/span> <\/label>\n<\/p>\n<p><label> Message<br \/>\n<span class=\"wpcf7-form-control-wrap\" data-name=\"your-message\"><textarea cols=\"40\" rows=\"10\" maxlength=\"2000\" class=\"wpcf7-form-control wpcf7-textarea\" aria-invalid=\"false\" name=\"your-message\"><\/textarea><\/span> <\/label>\n<\/p>\n<p><a target=\"_blank\" href=\"\/communication-clarification\"><br \/>\n(The personal data you share with \u201cDemir\u00f6ren Reklam ve Yat\u0131r\u0131m A.\u015e. (\u201cMedyanet\u201d)\u201d within the scope of the communication process will be processed in accordance with the Personal Data Protection Law No. 6698 (\u201cLaw\u201d), limited to the purposes of conducting communication activities, following up on requests\/complaints, and other purposes specified in the Communication Clarification Text. You may access detailed information regarding the processing of your personal data and your rights under Article 11 of the Law in the Communication Clarification Text.)<br \/>\n<\/a>\n<\/p>\n<p><input class=\"wpcf7-form-control wpcf7-submit has-spinner\" type=\"submit\" value=\"Send\" \/>\n<\/p><div class=\"wpcf7-response-output\" aria-hidden=\"true\"><\/div>\n<\/form>\n<\/div>\n<\/div>\n\t\t\t\t\t\t<\/div>\n\t\t\t\t<div class=\"elementor-element elementor-element-c3777ca elementor-widget elementor-widget-text-editor\" data-id=\"c3777ca\" data-element_type=\"widget\" data-e-type=\"widget\" data-widget_type=\"text-editor.default\">\n\t\t\t\t\t\t\t\t\t<h2 class=\"contacts-info-title\" style=\"margin: 20px 0px 10px; font-family: 'Helvetica Neue', Helvetica, Arial, sans-serif; line-height: 1.1; color: #808488; font-size: 0.9375em; text-transform: uppercase;\">OPERASYON<\/h2><div class=\"contacts-info-data\" style=\"margin-bottom: 20px; font-size: 0.8125em; color: #333333; font-family: 'Helvetica Neue', Helvetica, Arial, sans-serif;\"><a style=\"background-image: initial; background-position: 0px 0px; background-size: initial; background-repeat: initial; background-attachment: initial; background-origin: initial; background-clip: initial; font-size: inherit; text-decoration-line: none;\" href=\"mailto:operasyon@medyanet.com.tr\">operasyon@medyanet.com.tr<\/a><\/div><hr style=\"box-sizing: content-box; border-right: 0px; border-bottom: 0px; border-left: 0px; border-top-style: solid; border-top-color: #eeeeee; border-image: initial; margin-top: 20px; margin-bottom: 20px; font-family: 'Helvetica Neue', Helvetica, Arial, sans-serif; font-size: 14px;\"><h2 class=\"contacts-info-title\" style=\"margin: 20px 0px 10px; font-family: 'Helvetica Neue', Helvetica, Arial, sans-serif; line-height: 1.1; color: #808488; font-size: 0.9375em; text-transform: uppercase;\">REKLAM TEKNOLOJ\u0130LER\u0130<\/h2><div class=\"contacts-info-data\" style=\"margin-bottom: 20px; font-size: 0.8125em; color: #333333; font-family: 'Helvetica Neue', Helvetica, Arial, sans-serif;\"><a style=\"background-image: initial; background-position: 0px 0px; background-size: initial; background-repeat: initial; background-attachment: initial; background-origin: initial; background-clip: initial; font-size: inherit; text-decoration-line: none;\" href=\"mailto:reklamteknolojileri@medyanet.com.tr\">reklamteknolojileri@medyanet.com.tr<\/a><\/div>\t\t\t\t\t\t\t\t<\/div>\n\t\t\t\t\t<\/div>\n\t\t\t\t<\/div>\n\t\t<div class=\"elementor-element elementor-element-4183247 e-flex e-con-boxed e-con e-parent\" data-id=\"4183247\" data-element_type=\"container\" data-e-type=\"container\">\n\t\t\t\t\t<div class=\"e-con-inner\">\n\t\t\t\t\t<\/div>\n\t\t\t\t<\/div>\n\t\t\t\t<\/div>\n\t\t","protected":false},"excerpt":{"rendered":"<p>OPERASYON operasyon@medyanet.com.tr REKLAM TEKNOLOJ\u0130LER\u0130 reklamteknolojileri@medyanet.com.tr<\/p>\n","protected":false},"author":1,"featured_media":0,"parent":0,"menu_order":0,"comment_status":"closed","ping_status":"closed","template":"","meta":{"footnotes":""},"class_list":["post-1161","page","type-page","status-publish","hentry"],"_links":{"self":[{"href":"https:\/\/docs.medyanet.net\/en\/wp-json\/wp\/v2\/pages\/1161","targetHints":{"allow":["GET"]}}],"collection":[{"href":"https:\/\/docs.medyanet.net\/en\/wp-json\/wp\/v2\/pages"}],"about":[{"href":"https:\/\/docs.medyanet.net\/en\/wp-json\/wp\/v2\/types\/page"}],"author":[{"embeddable":true,"href":"https:\/\/docs.medyanet.net\/en\/wp-json\/wp\/v2\/users\/1"}],"replies":[{"embeddable":true,"href":"https:\/\/docs.medyanet.net\/en\/wp-json\/wp\/v2\/comments?post=1161"}],"version-history":[{"count":2,"href":"https:\/\/docs.medyanet.net\/en\/wp-json\/wp\/v2\/pages\/1161\/revisions"}],"predecessor-version":[{"id":1288,"href":"https:\/\/docs.medyanet.net\/en\/wp-json\/wp\/v2\/pages\/1161\/revisions\/1288"}],"wp:attachment":[{"href":"https:\/\/docs.medyanet.net\/en\/wp-json\/wp\/v2\/media?parent=1161"}],"curies":[{"name":"wp","href":"https:\/\/api.w.org\/{rel}","templated":true}]}}